{"id":518,"date":"2026-04-12T11:41:57","date_gmt":"2026-04-12T11:41:57","guid":{"rendered":"https:\/\/lwisaurus.ovh\/?post_type=product&#038;p=518"},"modified":"2026-04-12T11:41:57","modified_gmt":"2026-04-12T11:41:57","slug":"pack-diversite-fierte","status":"publish","type":"product","link":"https:\/\/lwisaurus.ovh\/index.php\/produit\/pack-diversite-fierte\/","title":{"rendered":"Pack diversit\u00e9 fiert\u00e9"},"content":{"rendered":"<p>M\u00e9rou inspir\u00e9 de Lou Trotignon et dessin\u00e9 \u00e0 l\u2019occasion d\u2019un challenge de dessin.<\/p>\n<p>Sticker 5&#215;5 et badge 32\u202fmm<\/p>\n","protected":false},"excerpt":{"rendered":"<p>M\u00e9rou inspir\u00e9 de Lou Trotignon et dessin\u00e9 \u00e0 l\u2019occasion d\u2019un challenge de dessin. Sticker 5&#215;5 et badge 32\u202fmm<\/p>\n","protected":false},"featured_media":520,"comment_status":"open","ping_status":"closed","template":"","meta":[],"product_brand":[],"product_cat":[55],"product_tag":[],"class_list":{"0":"post-518","1":"product","2":"type-product","3":"status-publish","4":"has-post-thumbnail","6":"product_cat-non-classe","8":"first","9":"instock","10":"shipping-taxable","11":"purchasable","12":"product-type-simple"},"_links":{"self":[{"href":"https:\/\/lwisaurus.ovh\/index.php\/wp-json\/wp\/v2\/product\/518","targetHints":{"allow":["GET"]}}],"collection":[{"href":"https:\/\/lwisaurus.ovh\/index.php\/wp-json\/wp\/v2\/product"}],"about":[{"href":"https:\/\/lwisaurus.ovh\/index.php\/wp-json\/wp\/v2\/types\/product"}],"replies":[{"embeddable":true,"href":"https:\/\/lwisaurus.ovh\/index.php\/wp-json\/wp\/v2\/comments?post=518"}],"wp:featuredmedia":[{"embeddable":true,"href":"https:\/\/lwisaurus.ovh\/index.php\/wp-json\/wp\/v2\/media\/520"}],"wp:attachment":[{"href":"https:\/\/lwisaurus.ovh\/index.php\/wp-json\/wp\/v2\/media?parent=518"}],"wp:term":[{"taxonomy":"product_brand","embeddable":true,"href":"https:\/\/lwisaurus.ovh\/index.php\/wp-json\/wp\/v2\/product_brand?post=518"},{"taxonomy":"product_cat","embeddable":true,"href":"https:\/\/lwisaurus.ovh\/index.php\/wp-json\/wp\/v2\/product_cat?post=518"},{"taxonomy":"product_tag","embeddable":true,"href":"https:\/\/lwisaurus.ovh\/index.php\/wp-json\/wp\/v2\/product_tag?post=518"}],"curies":[{"name":"wp","href":"https:\/\/api.w.org\/{rel}","templated":true}]}}